{"id":6745,"date":"2022-06-27T16:35:02","date_gmt":"2022-06-27T19:35:02","guid":{"rendered":"https:\/\/www.dickow.com.br\/blog\/?page_id=6745"},"modified":"2025-03-27T16:12:16","modified_gmt":"2025-03-27T19:12:16","slug":"politica-de-privacidade-dickow-alimentos","status":"publish","type":"page","link":"https:\/\/www.dickow.com.br\/blog\/politica-de-privacidade-dickow-alimentos\/","title":{"rendered":"Pol\u00edtica de Privacidade Dickow Alimentos"},"content":{"rendered":"\n<p>A Dickow Alimentos \u00e9 uma empresa de direito privado, com as atividades voltadas a industrializa\u00e7\u00e3o e comercializa\u00e7\u00e3o de alimentos.<\/p>\n\n\n\n<p>Nossa empresa assume o compromisso e a responsabilidade de respeitar e observar a Lei Geral de Prote\u00e7\u00e3o de Dados (Lei n. 13.709\/18) e demais Leis Aplic\u00e1veis, garantindo e resguardando o seu direito \u00e0 privacidade.<\/p>\n\n\n\n<p>Nesta pol\u00edtica de privacidade (\u201cPol\u00edtica\u201d), informamos a voc\u00ea (\u201cUsu\u00e1rio\u201d), com clareza e transpar\u00eancia, sobre os meios de coleta, utiliza\u00e7\u00e3o, finalidades e tratamento dos seus dados pessoais.<\/p>\n\n\n\n<p>Recomendamos que voc\u00ea (\u201cUsu\u00e1rio\u201d), leia atentamente todos os termos desta \u201cPol\u00edtica\u201d, inclusive para fins de validar o seu consentimento em rela\u00e7\u00e3o aos termos de privacidade e prote\u00e7\u00e3o de dados pessoais que lhe diga respeito, nos termos do artigo 7\u00ba, inciso I, da Lei n\u00ba 13.709\/2018 (Lei Geral de Prote\u00e7\u00e3o de Dados Pessoais &#8211; LGPD). Em casos de d\u00favidas ou demais esclarecimentos, entre em contato conosco pelo e-mail: dpo@dickow.com.br<\/p>\n\n\n\n<h2 class=\"wp-block-heading\"><strong>Sobre a coleta de dados pessoais:<\/strong><\/h2>\n\n\n\n<p>Consideram-se dados pessoais toda a informa\u00e7\u00e3o relativa \u00e0s pessoas, que possa ser identificada, direta ou indiretamente, por meio de informa\u00e7\u00f5es como: nome, CPF, fun\u00e7\u00e3o ou cargo, dados de localiza\u00e7\u00e3o, endere\u00e7o de e-mail, endere\u00e7o IP, n\u00famero de telefone m\u00f3vel, whatsapp.<\/p>\n\n\n\n<p>Os dados solicitados aos usu\u00e1rios s\u00e3o necess\u00e1rios para as atividades com as quais se relacionam com a Dickow Alimentos e s\u00e3o geridos de maneira segura: nome, CPF\/CNPJ, IE, endere\u00e7o, cidade, estado, e-mail, telefone, etc.<\/p>\n\n\n\n<p>Caso n\u00e3o concorde com o conte\u00fado desta pol\u00edtica, queira por favor utilizar o canal de comunica\u00e7\u00e3o dispon\u00edvel em nosso site e presente ao final desta Pol\u00edtica, ou caso o tenha feito, solicite a sua exclus\u00e3o.<\/p>\n\n\n\n<h2 class=\"wp-block-heading\"><strong>Da finalidade e tratamento dos dados pessoais coletados:<\/strong><\/h2>\n\n\n\n<p>Os dados pessoais poder\u00e3o ser utilizados para contatar o usu\u00e1rio para rela\u00e7\u00f5es comerciais, envio de XML e Danfe ou realiza\u00e7\u00e3o de pesquisas de satisfa\u00e7\u00e3o.<\/p>\n\n\n\n<p>Al\u00e9m dos dados pessoais informados, o aplicativo\/site poder\u00e1 coletar dados por outros meios, como os cookies. Qualquer uso de cookies ou mesmo de outras ferramentas de rastreamento pelo aplicativo servem para identificar os usu\u00e1rios e lembrar as suas prefer\u00eancias, com o \u00fanico prop\u00f3sito de fornecer os servi\u00e7os por eles requeridos.<\/p>\n\n\n\n<h2 class=\"wp-block-heading\"><strong>Informa\u00e7\u00f5es de navega\u00e7\u00e3o no site:<\/strong><\/h2>\n\n\n\n<p>Cookies s\u00e3o sistemas utilizados em determinados sites, que armazenam informa\u00e7\u00f5es quando voc\u00ea os visita, tais como local de acesso, n\u00famero de visitas, idioma, IP, entre outros. Isso permite que o site apresente m\u00e9tricas e pesquisas a respeito dos usu\u00e1rios.<\/p>\n\n\n\n<p>Quando voc\u00ea visita nosso site, \u00e9 inserido um \u2018cookie\u2019 no seu navegador por meio do software Google Analytics, para identificar quantas vezes voc\u00ea retorna ao nosso endere\u00e7o. S\u00e3o coletadas, anonimamente, informa\u00e7\u00f5es, como endere\u00e7o IP, localiza\u00e7\u00e3o geogr\u00e1fica, g\u00eanero, faixa et\u00e1ria, fonte de refer\u00eancia, tipo de navegador, dura\u00e7\u00e3o da visita e p\u00e1ginas visitadas.<\/p>\n\n\n\n<p>Os cookies podem ser divididos de acordo com a informa\u00e7\u00e3o que armazenam e sua finalidade, a saber:<\/p>\n\n\n\n<ul class=\"wp-block-list\">\n<li>A. Cookies necess\u00e1rios: S\u00e3o essenciais para que o website da Dickow carregue corretamente e permita que voc\u00ea navegue normalmente, bem como fa\u00e7a o uso de todas as funcionalidades dispon\u00edveis.<\/li>\n\n\n\n<li>B. Cookies de Desempenho: Ajudam a entender como os visitantes interagem com a p\u00e1gina da Dickow, fornecendo informa\u00e7\u00f5es sobre as \u00e1reas visitadas, o tempo de visita ao site e quaisquer problemas encontrados, como mensagens de erro.<\/li>\n\n\n\n<li>C. Cookies Funcionais: Permitem que a p\u00e1gina se lembre de suas escolhas, para proporcionar uma experi\u00eancia personalizada. Possibilitam que os Usu\u00e1rios assistam a v\u00eddeos, utilizem ferramentas sociais, campos para coment\u00e1rios, f\u00f3runs, dentre outros.<\/li>\n<\/ul>\n\n\n\n<ol class=\"wp-block-list\"><\/ol>\n\n\n\n<h2 class=\"wp-block-heading\"><strong>Da rela\u00e7\u00e3o com o usu\u00e1rio:<\/strong><\/h2>\n\n\n\n<p>Os dados pessoais dos usu\u00e1rios podem ser utilizados para fins jur\u00eddicos pelo controlador de dados quando demandado em ju\u00edzo ou quando necess\u00e1rio para ajuizamento de poss\u00edvel a\u00e7\u00e3o jur\u00eddica decorrente de uso indevido deste servi\u00e7o ou de servi\u00e7os a ele relacionados.<\/p>\n\n\n\n<p>O controlador dos dados poder\u00e1 ainda revelar os dados pessoais mediante solicita\u00e7\u00e3o do poder p\u00fablico ou para cumprimento de obriga\u00e7\u00e3o legal.<\/p>\n\n\n\n<p>Os dados pessoais poder\u00e3o ser compartilhados para estabelecer, exercer ou defender nossos direitos legais, incluindo o fornecimento de informa\u00e7\u00f5es a terceiros para fins de preven\u00e7\u00e3o de fraudes e redu\u00e7\u00e3o de risco de cr\u00e9dito.<\/p>\n\n\n\n<p>O presente site e quaisquer servi\u00e7os de terceiros poder\u00e3o coletar arquivos que gravam a intera\u00e7\u00e3o com este site (logs, registro do sistema) ou outros dados pessoais, tais como o endere\u00e7o IP (endere\u00e7o de protocolo de internet que identifica um computador) ou ID (identidade) do usu\u00e1rio, para manuten\u00e7\u00e3o do aparelho ou outra forma de opera\u00e7\u00e3o que se fa\u00e7a necess\u00e1ria \u00e0 sua atualiza\u00e7\u00e3o e funcionamento.<\/p>\n\n\n\n<p>Os dados coletados ser\u00e3o tratados sem prazo determinado, sendo poss\u00edvel exclus\u00e3o e valida\u00e7\u00e3o da titularidade perante solicita\u00e7\u00e3o atrav\u00e9s do e-mail dpo@dickow.com.br , salvo se houver base legal v\u00e1lida e espec\u00edfica para manuten\u00e7\u00e3o de determinadas informa\u00e7\u00f5es, na forma da Lei Geral de Prote\u00e7\u00e3o de Dados.<\/p>\n\n\n\n<h2 class=\"wp-block-heading\"><strong>Do controlador e do Encarregado da Prote\u00e7\u00e3o de Dados:<\/strong><\/h2>\n\n\n\n<p>O Controlador de Dados \u00e9 a Pessoa natural ou jur\u00eddica, de direito p\u00fablico ou privado, a quem competem as decis\u00f5es referentes ao tratamento de dados pessoais.<\/p>\n\n\n\n<p>O processamento de dados \u00e9 realizado utilizando computadores e\/ou ferramentas de TI (tecnologia da informa\u00e7\u00e3o) habilitadas, seguindo procedimentos organizacionais e meios estritamente relacionados aos fins indicados, sendo responsabilidade do Controlador de Dados adotar as medidas de seguran\u00e7a necess\u00e1rias e suficientes para impedir o acesso n\u00e3o autorizado, divulga\u00e7\u00e3o, altera\u00e7\u00e3o ou destrui\u00e7\u00e3o n\u00e3o autorizada dos dados.<\/p>\n\n\n\n<p>Podemos ser contatados pelo e-mail dpo@dickow.com.br<\/p>\n\n\n\n<p>Al\u00e9m do controlador, em alguns casos, os dados poder\u00e3o ser acessados por outras pessoas envolvidas na opera\u00e7\u00e3o do ERP no \u00e2mbito interno da empresa como: administra\u00e7\u00e3o, marketing, jur\u00eddico, comercial e atendimento ou pessoas externas como: ag\u00eancias de comunica\u00e7\u00e3o, terceirizados de servi\u00e7os t\u00e9cnicos, entre outros; nomeadas, quando necess\u00e1rio, como operadores dos dados, o que ser\u00e1 feito mediante contrata\u00e7\u00e3o espec\u00edfica entre estes e o controlador assegurando-se a privacidade do usu\u00e1rio, ainda, reitera que, havendo o compartilhamento necess\u00e1rio com operadores de dados, o titular de dados ser\u00e1 notificado sobre o tratamento.<\/p>\n\n\n\n<h2 class=\"wp-block-heading\"><strong>Dos Direitos do Titular de Dados:<\/strong><\/h2>\n\n\n\n<p>Em atendimento ao previsto no artigo 18 da Lei n.13.709\/2018, o titular de dados pessoais coletados pelo controlador via este aplicativo poder\u00e1 a qualquer momento e mediante requisi\u00e7\u00e3o obter:<\/p>\n\n\n\n<ul class=\"wp-block-list\">\n<li>Acesso aos dados;<\/li>\n\n\n\n<li>Confirma\u00e7\u00e3o da exist\u00eancia de tratamento;<\/li>\n\n\n\n<li>Corre\u00e7\u00e3o de dados incompletos, inexatos ou desatualizados;<\/li>\n\n\n\n<li>Anonimiza\u00e7\u00e3o, bloqueio ou elimina\u00e7\u00e3o de dados desnecess\u00e1rios, excessivos, ou tratados em desconformidade com o disposto na legisla\u00e7\u00e3o vigente;<\/li>\n\n\n\n<li>Portabilidade dos dados a outro fornecedor de servi\u00e7os ou produto, mediante requisi\u00e7\u00e3o expressa e resguardados os segredos comercial e industrial, de acordo com a regulamenta\u00e7\u00e3o dos \u00f3rg\u00e3os competentes;<\/li>\n\n\n\n<li>Elimina\u00e7\u00e3o dos dados pessoais tratados com o consentimento do titular, exceto nas hip\u00f3teses previstas no art.16 Lei n.13709\/2018;<\/li>\n\n\n\n<li>Informa\u00e7\u00e3o das entidades p\u00fablicas e privadas com os quais o controlador realizou uso compartilhado de dados;<\/li>\n\n\n\n<li>Informa\u00e7\u00e3o sobre a possibilidade de n\u00e3o fornecer consentimento e sobre as consequ\u00eancias da negativa;<\/li>\n\n\n\n<li>Revoga\u00e7\u00e3o do consentimento, nos termos do par.5 do art.8 da Lei 13\/709\/2018.<\/li>\n<\/ul>\n\n\n\n<h2 class=\"wp-block-heading\"><strong>Das altera\u00e7\u00f5es na Pol\u00edtica de Privacidade:<\/strong><\/h2>\n\n\n\n<p>O controlador de dados poder\u00e1 efetuar altera\u00e7\u00f5es nesta Pol\u00edtica de Privacidade a qualquer momento, o que ser\u00e1 feito mediante comunica\u00e7\u00e3o aos usu\u00e1rios nesta p\u00e1gina, sendo-lhes requerido novo consentimento. Recomenda-se que a Pol\u00edtica de Privacidade seja consultada com frequ\u00eancia.<\/p>\n\n\n\n<p>Em caso de discord\u00e2ncia com qualquer das altera\u00e7\u00f5es introduzidas pelo controlador, o usu\u00e1rio deve cessar o uso dos produtos e servi\u00e7os solicitando ao controlador a exclus\u00e3o de seus dados pessoais, por meio do contato junto ao Encarregado de Dados respons\u00e1vel, que poder\u00e1 ser localizado junto ao e-mail: dpo@dickow.com.br<\/p>\n\n\n\n<h2 class=\"wp-block-heading\"><strong>Das Disposi\u00e7\u00f5es Finais e Consentimento Livre e Esclarecido:<\/strong><\/h2>\n\n\n\n<p>Ciente de todas as implica\u00e7\u00f5es poss\u00edveis que decorrer\u00e3o do tratamento dos seus dados pessoais, ao prosseguir clicando no ACEITAR o usu\u00e1rio estar\u00e1 fornecendo seu consentimento livre e esclarecido para o tratamento de seus dados pessoais tendo em vista as finalidades espec\u00edficas nesta Pol\u00edtica de Privacidade.<\/p>\n\n\n\n<p>Esta Pol\u00edtica de Privacidade foi elaborada em conformidade com o previsto na Lei Geral de Prote\u00e7\u00e3o de Dados Pessoais &#8211; Lei n\u00ba 13.709\/2018.<\/p>\n\n\n\n<h2 class=\"wp-block-heading\"><strong>Dados de contato com o Encarregado de Dados (DPO) respons\u00e1vel:<\/strong><\/h2>\n\n\n\n<ul class=\"wp-block-list\">\n<li>\u00a0Nome: Augusto M\u00fcller<\/li>\n\n\n\n<li>\u00a0E-mail: dpo@dickow.com.br<\/li>\n<\/ul>\n\n\n\n<p><\/p>\n","protected":false},"excerpt":{"rendered":"<p>A Dickow Alimentos \u00e9 uma empresa de direito privado, com as atividades voltadas a industrializa\u00e7\u00e3o e comercializa\u00e7\u00e3o de alimentos. Nossa empresa assume o compromisso e a responsabilidade de respeitar e observar a Lei Geral de Prote\u00e7\u00e3o de Dados (Lei n. 13.709\/18) e demais Leis Aplic\u00e1veis, garantindo e resguardando o seu direito \u00e0 privacidade. Nesta pol\u00edtica &hellip; <\/p>\n","protected":false},"author":1,"featured_media":0,"parent":0,"menu_order":0,"comment_status":"closed","ping_status":"closed","template":"","meta":{"footnotes":""},"class_list":["post-6745","page","type-page","status-publish","hentry","latest_post"],"yoast_head":"<!-- This site is optimized with the Yoast SEO plugin v26.8 - https:\/\/yoast.com\/product\/yoast-seo-wordpress\/ -->\n<title>Pol\u00edtica de Privacidade Dickow Alimentos - Blog da Dickow Alimentos<\/title>\n<meta name=\"description\" content=\"A Dickow Alimentos preza pela conformidade com a Lei Geral de Prote\u00e7\u00e3o de Dados Pessoais. Conhe\u00e7a nossa pol\u00edtica de privacidade.\" \/>\n<meta name=\"robots\" content=\"index, follow, max-snippet:-1, max-image-preview:large, max-video-preview:-1\" \/>\n<link rel=\"canonical\" href=\"https:\/\/www.dickow.com.br\/blog\/politica-de-privacidade-dickow-alimentos\/\" \/>\n<meta property=\"og:locale\" content=\"pt_BR\" \/>\n<meta property=\"og:type\" content=\"article\" \/>\n<meta property=\"og:title\" content=\"Pol\u00edtica de Privacidade Dickow Alimentos - Blog da Dickow Alimentos\" \/>\n<meta property=\"og:description\" content=\"A Dickow Alimentos preza pela conformidade com a Lei Geral de Prote\u00e7\u00e3o de Dados Pessoais. Conhe\u00e7a nossa pol\u00edtica de privacidade.\" \/>\n<meta property=\"og:url\" content=\"https:\/\/www.dickow.com.br\/blog\/politica-de-privacidade-dickow-alimentos\/\" \/>\n<meta property=\"og:site_name\" content=\"Blog da Dickow Alimentos\" \/>\n<meta property=\"article:publisher\" content=\"https:\/\/www.facebook.com\/arrozreiarthur\/\" \/>\n<meta property=\"article:modified_time\" content=\"2025-03-27T19:12:16+00:00\" \/>\n<meta name=\"twitter:card\" content=\"summary_large_image\" \/>\n<meta name=\"twitter:label1\" content=\"Est. tempo de leitura\" \/>\n\t<meta name=\"twitter:data1\" content=\"8 minutos\" \/>\n<script type=\"application\/ld+json\" class=\"yoast-schema-graph\">{\"@context\":\"https:\/\/schema.org\",\"@graph\":[{\"@type\":\"WebPage\",\"@id\":\"https:\/\/www.dickow.com.br\/blog\/politica-de-privacidade-dickow-alimentos\/\",\"url\":\"https:\/\/www.dickow.com.br\/blog\/politica-de-privacidade-dickow-alimentos\/\",\"name\":\"Pol\u00edtica de Privacidade Dickow Alimentos - Blog da Dickow Alimentos\",\"isPartOf\":{\"@id\":\"https:\/\/www.dickow.com.br\/blog\/#website\"},\"datePublished\":\"2022-06-27T19:35:02+00:00\",\"dateModified\":\"2025-03-27T19:12:16+00:00\",\"description\":\"A Dickow Alimentos preza pela conformidade com a Lei Geral de Prote\u00e7\u00e3o de Dados Pessoais. Conhe\u00e7a nossa pol\u00edtica de privacidade.\",\"breadcrumb\":{\"@id\":\"https:\/\/www.dickow.com.br\/blog\/politica-de-privacidade-dickow-alimentos\/#breadcrumb\"},\"inLanguage\":\"pt-BR\",\"potentialAction\":[{\"@type\":\"ReadAction\",\"target\":[\"https:\/\/www.dickow.com.br\/blog\/politica-de-privacidade-dickow-alimentos\/\"]}]},{\"@type\":\"BreadcrumbList\",\"@id\":\"https:\/\/www.dickow.com.br\/blog\/politica-de-privacidade-dickow-alimentos\/#breadcrumb\",\"itemListElement\":[{\"@type\":\"ListItem\",\"position\":1,\"name\":\"In\u00edcio\",\"item\":\"https:\/\/www.dickow.com.br\/blog\/\"},{\"@type\":\"ListItem\",\"position\":2,\"name\":\"Pol\u00edtica de Privacidade Dickow Alimentos\"}]},{\"@type\":\"WebSite\",\"@id\":\"https:\/\/www.dickow.com.br\/blog\/#website\",\"url\":\"https:\/\/www.dickow.com.br\/blog\/\",\"name\":\"Blog da Dickow Alimentos\",\"description\":\"Blog da Dickow Alimentos e equipe do Arroz Rei Arthur\",\"publisher\":{\"@id\":\"https:\/\/www.dickow.com.br\/blog\/#organization\"},\"potentialAction\":[{\"@type\":\"SearchAction\",\"target\":{\"@type\":\"EntryPoint\",\"urlTemplate\":\"https:\/\/www.dickow.com.br\/blog\/?s={search_term_string}\"},\"query-input\":{\"@type\":\"PropertyValueSpecification\",\"valueRequired\":true,\"valueName\":\"search_term_string\"}}],\"inLanguage\":\"pt-BR\"},{\"@type\":\"Organization\",\"@id\":\"https:\/\/www.dickow.com.br\/blog\/#organization\",\"name\":\"Dickow Alimentos\",\"url\":\"https:\/\/www.dickow.com.br\/blog\/\",\"logo\":{\"@type\":\"ImageObject\",\"inLanguage\":\"pt-BR\",\"@id\":\"https:\/\/www.dickow.com.br\/blog\/#\/schema\/logo\/image\/\",\"url\":\"https:\/\/www.dickow.com.br\/blog\/wp-content\/uploads\/2022\/03\/Dickow-Alimentos.png\",\"contentUrl\":\"https:\/\/www.dickow.com.br\/blog\/wp-content\/uploads\/2022\/03\/Dickow-Alimentos.png\",\"width\":1600,\"height\":1600,\"caption\":\"Dickow Alimentos\"},\"image\":{\"@id\":\"https:\/\/www.dickow.com.br\/blog\/#\/schema\/logo\/image\/\"},\"sameAs\":[\"https:\/\/www.facebook.com\/arrozreiarthur\/\",\"https:\/\/www.instagram.com\/arrozreiarthur\/\",\"https:\/\/www.youtube.com\/user\/arrozreiarthur\/\"]}]}<\/script>\n<!-- \/ Yoast SEO plugin. -->","yoast_head_json":{"title":"Pol\u00edtica de Privacidade Dickow Alimentos - Blog da Dickow Alimentos","description":"A Dickow Alimentos preza pela conformidade com a Lei Geral de Prote\u00e7\u00e3o de Dados Pessoais. Conhe\u00e7a nossa pol\u00edtica de privacidade.","robots":{"index":"index","follow":"follow","max-snippet":"max-snippet:-1","max-image-preview":"max-image-preview:large","max-video-preview":"max-video-preview:-1"},"canonical":"https:\/\/www.dickow.com.br\/blog\/politica-de-privacidade-dickow-alimentos\/","og_locale":"pt_BR","og_type":"article","og_title":"Pol\u00edtica de Privacidade Dickow Alimentos - Blog da Dickow Alimentos","og_description":"A Dickow Alimentos preza pela conformidade com a Lei Geral de Prote\u00e7\u00e3o de Dados Pessoais. Conhe\u00e7a nossa pol\u00edtica de privacidade.","og_url":"https:\/\/www.dickow.com.br\/blog\/politica-de-privacidade-dickow-alimentos\/","og_site_name":"Blog da Dickow Alimentos","article_publisher":"https:\/\/www.facebook.com\/arrozreiarthur\/","article_modified_time":"2025-03-27T19:12:16+00:00","twitter_card":"summary_large_image","twitter_misc":{"Est. tempo de leitura":"8 minutos"},"schema":{"@context":"https:\/\/schema.org","@graph":[{"@type":"WebPage","@id":"https:\/\/www.dickow.com.br\/blog\/politica-de-privacidade-dickow-alimentos\/","url":"https:\/\/www.dickow.com.br\/blog\/politica-de-privacidade-dickow-alimentos\/","name":"Pol\u00edtica de Privacidade Dickow Alimentos - Blog da Dickow Alimentos","isPartOf":{"@id":"https:\/\/www.dickow.com.br\/blog\/#website"},"datePublished":"2022-06-27T19:35:02+00:00","dateModified":"2025-03-27T19:12:16+00:00","description":"A Dickow Alimentos preza pela conformidade com a Lei Geral de Prote\u00e7\u00e3o de Dados Pessoais. Conhe\u00e7a nossa pol\u00edtica de privacidade.","breadcrumb":{"@id":"https:\/\/www.dickow.com.br\/blog\/politica-de-privacidade-dickow-alimentos\/#breadcrumb"},"inLanguage":"pt-BR","potentialAction":[{"@type":"ReadAction","target":["https:\/\/www.dickow.com.br\/blog\/politica-de-privacidade-dickow-alimentos\/"]}]},{"@type":"BreadcrumbList","@id":"https:\/\/www.dickow.com.br\/blog\/politica-de-privacidade-dickow-alimentos\/#breadcrumb","itemListElement":[{"@type":"ListItem","position":1,"name":"In\u00edcio","item":"https:\/\/www.dickow.com.br\/blog\/"},{"@type":"ListItem","position":2,"name":"Pol\u00edtica de Privacidade Dickow Alimentos"}]},{"@type":"WebSite","@id":"https:\/\/www.dickow.com.br\/blog\/#website","url":"https:\/\/www.dickow.com.br\/blog\/","name":"Blog da Dickow Alimentos","description":"Blog da Dickow Alimentos e equipe do Arroz Rei Arthur","publisher":{"@id":"https:\/\/www.dickow.com.br\/blog\/#organization"},"potentialAction":[{"@type":"SearchAction","target":{"@type":"EntryPoint","urlTemplate":"https:\/\/www.dickow.com.br\/blog\/?s={search_term_string}"},"query-input":{"@type":"PropertyValueSpecification","valueRequired":true,"valueName":"search_term_string"}}],"inLanguage":"pt-BR"},{"@type":"Organization","@id":"https:\/\/www.dickow.com.br\/blog\/#organization","name":"Dickow Alimentos","url":"https:\/\/www.dickow.com.br\/blog\/","logo":{"@type":"ImageObject","inLanguage":"pt-BR","@id":"https:\/\/www.dickow.com.br\/blog\/#\/schema\/logo\/image\/","url":"https:\/\/www.dickow.com.br\/blog\/wp-content\/uploads\/2022\/03\/Dickow-Alimentos.png","contentUrl":"https:\/\/www.dickow.com.br\/blog\/wp-content\/uploads\/2022\/03\/Dickow-Alimentos.png","width":1600,"height":1600,"caption":"Dickow Alimentos"},"image":{"@id":"https:\/\/www.dickow.com.br\/blog\/#\/schema\/logo\/image\/"},"sameAs":["https:\/\/www.facebook.com\/arrozreiarthur\/","https:\/\/www.instagram.com\/arrozreiarthur\/","https:\/\/www.youtube.com\/user\/arrozreiarthur\/"]}]}},"jetpack_sharing_enabled":true,"jetpack_likes_enabled":true,"jetpack_shortlink":"https:\/\/wp.me\/PbMBXr-1KN","jetpack-related-posts":[],"_links":{"self":[{"href":"https:\/\/www.dickow.com.br\/blog\/wp-json\/wp\/v2\/pages\/6745","targetHints":{"allow":["GET"]}}],"collection":[{"href":"https:\/\/www.dickow.com.br\/blog\/wp-json\/wp\/v2\/pages"}],"about":[{"href":"https:\/\/www.dickow.com.br\/blog\/wp-json\/wp\/v2\/types\/page"}],"author":[{"embeddable":true,"href":"https:\/\/www.dickow.com.br\/blog\/wp-json\/wp\/v2\/users\/1"}],"replies":[{"embeddable":true,"href":"https:\/\/www.dickow.com.br\/blog\/wp-json\/wp\/v2\/comments?post=6745"}],"version-history":[{"count":7,"href":"https:\/\/www.dickow.com.br\/blog\/wp-json\/wp\/v2\/pages\/6745\/revisions"}],"predecessor-version":[{"id":7606,"href":"https:\/\/www.dickow.com.br\/blog\/wp-json\/wp\/v2\/pages\/6745\/revisions\/7606"}],"wp:attachment":[{"href":"https:\/\/www.dickow.com.br\/blog\/wp-json\/wp\/v2\/media?parent=6745"}],"curies":[{"name":"wp","href":"https:\/\/api.w.org\/{rel}","templated":true}]}}